{"id":2543,"date":"2020-03-27T12:44:58","date_gmt":"2020-03-27T09:44:58","guid":{"rendered":"https:\/\/www.oguzhanconstruction.com\/consept-of-crystal\/"},"modified":"2020-04-01T13:56:09","modified_gmt":"2020-04-01T10:56:09","slug":"kristal-konsepti","status":"publish","type":"page","link":"https:\/\/www.oguzhanconstruction.com\/tr\/kristal-konsepti\/","title":{"rendered":"KR\u0130STAL KONSEPT\u0130"},"content":{"rendered":"<div class=\"wpb-content-wrapper\"><p>[vc_row][vc_column][vc_column_text]<\/p>\n<h3 style=\"text-align: center;\">B\u0130R\u0130NC\u0130 SINIF KAL\u0130TEDE YATIRIM<br \/>\nKAL\u0130TEL\u0130 YA\u015eAM \u0130\u00c7\u0130N KAL\u0130TEL\u0130 MEKANLAR<\/h3>\n<p style=\"text-align: center;\">Kristaller her boyutta, \u015fekil ve renklerde gelir. Bir\u00e7o\u011fu \u00e7ok renklidir.Matrisleri Kutsal Geometri\u2019nin desenlerini takip eder.T\u00fcm kristaller ve de\u011ferli ta\u015flar canl\u0131 organizmalard\u0131r.<\/p>\n<p style=\"text-align: center;\">Kristallerin kendilerine ait bir ya\u015fam enerjisi vard\u0131r, canl\u0131d\u0131rlar ve genellikle k\u00fcmeler halinde b\u00fcy\u00fcrler.Mineral Krall\u0131k\u2019\u0131n\u0131n bir par\u00e7as\u0131d\u0131rlar.<\/p>\n<p style=\"text-align: center;\">T\u00fcm kristaller kendi bireysel frekanslar\u0131nda titre\u015firler. G\u00f6nderdikleri frekans, hayat\u0131n\u0131zdaki belirli bir noktada hangi kristali se\u00e7ece\u011finizi belirler. \u0130htiya\u00e7lar\u0131n\u0131z de\u011fi\u015ftik\u00e7e farkl\u0131 kristaller se\u00e7ersiniz.<\/p>\n<p style=\"text-align: center;\">Kristal serimiz : Saf ve homojen olan kristalin verdi\u011fi kaliteli enerji gibi, de\u011ferli m\u00fc\u015fterilerimize parlak bir gelecek ve ya\u015fam sunmakt\u0131r. Kristal park, river, nova, garden, towers; kristal konseptli projelerimizdir.<\/p>\n<p style=\"text-align: center;\">Her projenin kendi , konumu dolay\u0131s\u0131yla olu\u015fan ayr\u0131 aidiyet enerjileri vard\u0131r , yerinin ruhunu kendi projelerimizle harmanlayarak olu\u015fan enerjiyi sizlerin de\u011ferlendirmesine sunuyoruz.<\/p>\n<p style=\"text-align: center;\">Siz de kendi enerjinize uygun olan projeyi se\u00e7ip, gelece\u011finize yat\u0131r\u0131m yaparak birikimlerinize de\u011fer katabilirsiniz.<\/p>\n<p>[\/vc_column_text][\/vc_column][\/vc_row][vc_row][vc_column width=&#8221;1\/3&#8243;]<div class=\"cq-hovercard cq-rotateY  cq-hovercard-hideicon\" data-contentcolor=\"#ffffff\" data-iconcolor=\"#ffffff\" data-bgheight=\"500\" data-captionoffset=\"\" data-videowidth=\"640\" data-linktype=\"customlink\" data-bgtype=\"image\" data-lightboxmargin=\"\"><a href=\"https:\/\/www.oguzhanconstruction.com\/tr\/crystal-towers\/\" title=\"\" target=\"\" class=\"cq-hovercard-customlink\"><img decoding=\"async\" src=\"https:\/\/www.oguzhanconstruction.com\/wp-content\/uploads\/2020\/03\/crystal-towers-project.jpg\" class=\"cq-hovercard-background\" alt=\"\" \/><div class=\"cq-hovercard-textcontainer\"><div class=\"cq-hovercard-title\">CRYSTAL TOWERS<\/div><i class=\"cq-hovercard-icon typcn typcn-arrow-move\"><\/i><\/div><\/a><\/div>[\/vc_column][vc_column width=&#8221;1\/3&#8243;]<div class=\"cq-hovercard cq-rotateY  cq-hovercard-hideicon\" data-contentcolor=\"#ffffff\" data-iconcolor=\"#ffffff\" data-bgheight=\"500\" data-captionoffset=\"\" data-videowidth=\"640\" data-linktype=\"customlink\" data-bgtype=\"image\" data-lightboxmargin=\"\"><a href=\"https:\/\/www.oguzhanconstruction.com\/tr\/crystal-park\/\" title=\"\" target=\"\" class=\"cq-hovercard-customlink\"><img decoding=\"async\" src=\"https:\/\/www.oguzhanconstruction.com\/wp-content\/uploads\/2020\/03\/crystal-park-project.jpg\" class=\"cq-hovercard-background\" alt=\"\" \/><div class=\"cq-hovercard-textcontainer\"><div class=\"cq-hovercard-title\">CRYSTAL PARK<\/div><i class=\"cq-hovercard-icon typcn typcn-arrow-move\"><\/i><\/div><\/a><\/div>[\/vc_column][vc_column width=&#8221;1\/3&#8243;]<div class=\"cq-hovercard cq-rotateY  cq-hovercard-hideicon\" data-contentcolor=\"#ffffff\" data-iconcolor=\"#ffffff\" data-bgheight=\"500\" data-captionoffset=\"\" data-videowidth=\"640\" data-linktype=\"customlink\" data-bgtype=\"image\" data-lightboxmargin=\"\"><a href=\"https:\/\/www.oguzhanconstruction.com\/tr\/crystal-nova\/\" title=\"\" target=\"\" class=\"cq-hovercard-customlink\"><img decoding=\"async\" src=\"https:\/\/www.oguzhanconstruction.com\/wp-content\/uploads\/2020\/03\/crystal-nova-product.jpg\" class=\"cq-hovercard-background\" alt=\"\" \/><div class=\"cq-hovercard-textcontainer\"><div class=\"cq-hovercard-title\">CRYSTAL NOVA<\/div><i class=\"cq-hovercard-icon typcn typcn-arrow-move\"><\/i><\/div><\/a><\/div>[\/vc_column][\/vc_row][vc_row][vc_column width=&#8221;1\/3&#8243;]<div class=\"cq-hovercard cq-rotateY  cq-hovercard-hideicon\" data-contentcolor=\"#ffffff\" data-iconcolor=\"#ffffff\" data-bgheight=\"500\" data-captionoffset=\"\" data-videowidth=\"640\" data-linktype=\"customlink\" data-bgtype=\"image\" data-lightboxmargin=\"\"><a href=\"https:\/\/www.oguzhanconstruction.com\/tr\/crystal-river\/\" title=\"\" target=\"\" class=\"cq-hovercard-customlink\"><img decoding=\"async\" src=\"https:\/\/www.oguzhanconstruction.com\/wp-content\/uploads\/2020\/03\/crystal-river-project.jpg\" class=\"cq-hovercard-background\" alt=\"\" \/><div class=\"cq-hovercard-textcontainer\"><div class=\"cq-hovercard-title\">CRYSTAL RIVER<\/div><i class=\"cq-hovercard-icon typcn typcn-arrow-move\"><\/i><\/div><\/a><\/div>[\/vc_column][vc_column width=&#8221;1\/3&#8243;]<div class=\"cq-hovercard cq-rotateY  cq-hovercard-hideicon\" data-contentcolor=\"#ffffff\" data-iconcolor=\"#ffffff\" data-bgheight=\"500\" data-captionoffset=\"\" data-videowidth=\"640\" data-linktype=\"customlink\" data-bgtype=\"image\" data-lightboxmargin=\"\"><a href=\"https:\/\/www.oguzhanconstruction.com\/tr\/crystal-garden\/\" title=\"\" target=\"\" class=\"cq-hovercard-customlink\"><img decoding=\"async\" src=\"https:\/\/www.oguzhanconstruction.com\/wp-content\/uploads\/2020\/03\/crystal-garden-project.jpg\" class=\"cq-hovercard-background\" alt=\"\" \/><div class=\"cq-hovercard-textcontainer\"><div class=\"cq-hovercard-title\">CRYSTAL GARDEN<\/div><i class=\"cq-hovercard-icon typcn typcn-arrow-move\"><\/i><\/div><\/a><\/div>[\/vc_column][vc_column width=&#8221;1\/3&#8243;][\/vc_column][\/vc_row]<\/p>\n<\/div>","protected":false},"excerpt":{"rendered":"<p>[vc_row][vc_column][vc_column_text] B\u0130R\u0130NC\u0130 SINIF KAL\u0130TEDE YATIRIM KAL\u0130TEL\u0130 YA\u015eAM \u0130\u00c7\u0130N KAL\u0130TEL\u0130 MEKANLAR Kristaller her boyutta, \u015fekil ve renklerde gelir. Bir\u00e7o\u011fu \u00e7ok renklidir.Matrisleri Kutsal Geometri\u2019nin desenlerini takip eder.T\u00fcm kristaller<span class=\"excerpt-hellip\"> [\u2026]<\/span><\/p>\n","protected":false},"author":1,"featured_media":2415,"parent":0,"menu_order":0,"comment_status":"closed","ping_status":"closed","template":"","meta":{"rs_blank_template":"","rs_page_bg_color":"#ffffff","slide_template_v7":"","footnotes":""},"class_list":["post-2543","page","type-page","status-publish","has-post-thumbnail","hentry"],"yoast_head":"<!-- This site is optimized with the Yoast SEO plugin v27.5 - https:\/\/yoast.com\/product\/yoast-seo-wordpress\/ -->\n<title>KR\u0130STAL KONSEPT\u0130 - Oguzhan Construction - \u043d\u0435\u0434\u0432\u0438\u0436\u0438\u043c\u043e\u0441\u0442\u044c \u0432 \u0422\u0443\u0440\u0446\u0438\u0438<\/title>\n<meta name=\"description\" content=\"Kristaller her boyutta, \u015fekil ve renklerde gelir. Bir\u00e7o\u011fu \u00e7ok renklidir.Matrisleri Kutsal Geometri\u2019nin desenlerini takip eder. T\u00fcm kristaller ve de\u011ferli ta\u015f\" \/>\n<meta name=\"robots\" content=\"index, follow, max-snippet:-1, max-image-preview:large, max-video-preview:-1\" \/>\n<link rel=\"canonical\" href=\"https:\/\/www.oguzhanconstruction.com\/tr\/kristal-konsepti\/\" \/>\n<meta property=\"og:locale\" content=\"tr_TR\" \/>\n<meta property=\"og:type\" content=\"article\" \/>\n<meta property=\"og:title\" content=\"KR\u0130STAL KONSEPT\u0130 - Oguzhan Construction - \u043d\u0435\u0434\u0432\u0438\u0436\u0438\u043c\u043e\u0441\u0442\u044c \u0432 \u0422\u0443\u0440\u0446\u0438\u0438\" \/>\n<meta property=\"og:description\" content=\"Kristaller her boyutta, \u015fekil ve renklerde gelir. Bir\u00e7o\u011fu \u00e7ok renklidir.Matrisleri Kutsal Geometri\u2019nin desenlerini takip eder. T\u00fcm kristaller ve de\u011ferli ta\u015f\" \/>\n<meta property=\"og:url\" content=\"https:\/\/www.oguzhanconstruction.com\/tr\/kristal-konsepti\/\" \/>\n<meta property=\"og:site_name\" content=\"Oguzhan Construction - \u043d\u0435\u0434\u0432\u0438\u0436\u0438\u043c\u043e\u0441\u0442\u044c \u0432 \u0422\u0443\u0440\u0446\u0438\u0438\" \/>\n<meta property=\"article:publisher\" content=\"https:\/\/www.facebook.com\/oguzhan.global\/\" \/>\n<meta property=\"article:modified_time\" content=\"2020-04-01T10:56:09+00:00\" \/>\n<meta property=\"og:image\" content=\"https:\/\/www.oguzhanconstruction.com\/wp-content\/uploads\/2020\/03\/consept-of-crystal-cover.jpg\" \/>\n\t<meta property=\"og:image:width\" content=\"1920\" \/>\n\t<meta property=\"og:image:height\" content=\"1280\" \/>\n\t<meta property=\"og:image:type\" content=\"image\/jpeg\" \/>\n<meta name=\"twitter:card\" content=\"summary_large_image\" \/>\n<meta name=\"twitter:label1\" content=\"Tahmini okuma s\u00fcresi\" \/>\n\t<meta name=\"twitter:data1\" content=\"2 dakika\" \/>\n<script type=\"application\/ld+json\" class=\"yoast-schema-graph\">{\"@context\":\"https:\\\/\\\/schema.org\",\"@graph\":[{\"@type\":\"WebPage\",\"@id\":\"https:\\\/\\\/www.oguzhanconstruction.com\\\/tr\\\/kristal-konsepti\\\/\",\"url\":\"https:\\\/\\\/www.oguzhanconstruction.com\\\/tr\\\/kristal-konsepti\\\/\",\"name\":\"KR\u0130STAL KONSEPT\u0130 - Oguzhan Construction - \u043d\u0435\u0434\u0432\u0438\u0436\u0438\u043c\u043e\u0441\u0442\u044c \u0432 \u0422\u0443\u0440\u0446\u0438\u0438\",\"isPartOf\":{\"@id\":\"https:\\\/\\\/www.oguzhanconstruction.com\\\/tr\\\/#website\"},\"primaryImageOfPage\":{\"@id\":\"https:\\\/\\\/www.oguzhanconstruction.com\\\/tr\\\/kristal-konsepti\\\/#primaryimage\"},\"image\":{\"@id\":\"https:\\\/\\\/www.oguzhanconstruction.com\\\/tr\\\/kristal-konsepti\\\/#primaryimage\"},\"thumbnailUrl\":\"https:\\\/\\\/www.oguzhanconstruction.com\\\/wp-content\\\/uploads\\\/2020\\\/03\\\/consept-of-crystal-cover.jpg\",\"datePublished\":\"2020-03-27T09:44:58+00:00\",\"dateModified\":\"2020-04-01T10:56:09+00:00\",\"description\":\"Kristaller her boyutta, \u015fekil ve renklerde gelir. Bir\u00e7o\u011fu \u00e7ok renklidir.Matrisleri Kutsal Geometri\u2019nin desenlerini takip eder. T\u00fcm kristaller ve de\u011ferli ta\u015f\",\"breadcrumb\":{\"@id\":\"https:\\\/\\\/www.oguzhanconstruction.com\\\/tr\\\/kristal-konsepti\\\/#breadcrumb\"},\"inLanguage\":\"tr\",\"potentialAction\":[{\"@type\":\"ReadAction\",\"target\":[\"https:\\\/\\\/www.oguzhanconstruction.com\\\/tr\\\/kristal-konsepti\\\/\"]}]},{\"@type\":\"ImageObject\",\"inLanguage\":\"tr\",\"@id\":\"https:\\\/\\\/www.oguzhanconstruction.com\\\/tr\\\/kristal-konsepti\\\/#primaryimage\",\"url\":\"https:\\\/\\\/www.oguzhanconstruction.com\\\/wp-content\\\/uploads\\\/2020\\\/03\\\/consept-of-crystal-cover.jpg\",\"contentUrl\":\"https:\\\/\\\/www.oguzhanconstruction.com\\\/wp-content\\\/uploads\\\/2020\\\/03\\\/consept-of-crystal-cover.jpg\",\"width\":1920,\"height\":1280},{\"@type\":\"BreadcrumbList\",\"@id\":\"https:\\\/\\\/www.oguzhanconstruction.com\\\/tr\\\/kristal-konsepti\\\/#breadcrumb\",\"itemListElement\":[{\"@type\":\"ListItem\",\"position\":1,\"name\":\"Ana sayfa\",\"item\":\"https:\\\/\\\/www.oguzhanconstruction.com\\\/tr\\\/\"},{\"@type\":\"ListItem\",\"position\":2,\"name\":\"KR\u0130STAL KONSEPT\u0130\"}]},{\"@type\":\"WebSite\",\"@id\":\"https:\\\/\\\/www.oguzhanconstruction.com\\\/tr\\\/#website\",\"url\":\"https:\\\/\\\/www.oguzhanconstruction.com\\\/tr\\\/\",\"name\":\"Oguzhan Construction - \u043d\u0435\u0434\u0432\u0438\u0436\u0438\u043c\u043e\u0441\u0442\u044c \u0432 \u0422\u0443\u0440\u0446\u0438\u0438\",\"description\":\"\u041a\u0443\u043f\u0438\u0442\u044c \u043a\u0432\u0430\u0440\u0442\u0438\u0440\u0443 \u0432 \u0410\u043b\u0430\u043d\u0438\u0438 \u043e\u0442 \u0437\u0430\u0441\u0442\u0440\u043e\u0439\u0449\u0438\u043a\u0430\",\"publisher\":{\"@id\":\"https:\\\/\\\/www.oguzhanconstruction.com\\\/tr\\\/#organization\"},\"potentialAction\":[{\"@type\":\"SearchAction\",\"target\":{\"@type\":\"EntryPoint\",\"urlTemplate\":\"https:\\\/\\\/www.oguzhanconstruction.com\\\/tr\\\/?s={search_term_string}\"},\"query-input\":{\"@type\":\"PropertyValueSpecification\",\"valueRequired\":true,\"valueName\":\"search_term_string\"}}],\"inLanguage\":\"tr\"},{\"@type\":\"Organization\",\"@id\":\"https:\\\/\\\/www.oguzhanconstruction.com\\\/tr\\\/#organization\",\"name\":\"Oguzhan Construction\",\"url\":\"https:\\\/\\\/www.oguzhanconstruction.com\\\/tr\\\/\",\"logo\":{\"@type\":\"ImageObject\",\"inLanguage\":\"tr\",\"@id\":\"https:\\\/\\\/www.oguzhanconstruction.com\\\/tr\\\/#\\\/schema\\\/logo\\\/image\\\/\",\"url\":\"https:\\\/\\\/www.oguzhanconstruction.com\\\/wp-content\\\/uploads\\\/2020\\\/02\\\/logo-mobile.png\",\"contentUrl\":\"https:\\\/\\\/www.oguzhanconstruction.com\\\/wp-content\\\/uploads\\\/2020\\\/02\\\/logo-mobile.png\",\"width\":350,\"height\":71,\"caption\":\"Oguzhan Construction\"},\"image\":{\"@id\":\"https:\\\/\\\/www.oguzhanconstruction.com\\\/tr\\\/#\\\/schema\\\/logo\\\/image\\\/\"},\"sameAs\":[\"https:\\\/\\\/www.facebook.com\\\/oguzhan.global\\\/\",\"https:\\\/\\\/www.instagram.com\\\/oguzhanconstruction\\\/\",\"https:\\\/\\\/www.linkedin.com\\\/company\\\/oguzhan-construction-industry-trade-inc\\\/\",\"https:\\\/\\\/www.youtube.com\\\/channel\\\/UCAOKg7l8kv0179kpfvT62tQ\"]}]}<\/script>\n<!-- \/ Yoast SEO plugin. -->","yoast_head_json":{"title":"KR\u0130STAL KONSEPT\u0130 - Oguzhan Construction - \u043d\u0435\u0434\u0432\u0438\u0436\u0438\u043c\u043e\u0441\u0442\u044c \u0432 \u0422\u0443\u0440\u0446\u0438\u0438","description":"Kristaller her boyutta, \u015fekil ve renklerde gelir. Bir\u00e7o\u011fu \u00e7ok renklidir.Matrisleri Kutsal Geometri\u2019nin desenlerini takip eder. T\u00fcm kristaller ve de\u011ferli ta\u015f","robots":{"index":"index","follow":"follow","max-snippet":"max-snippet:-1","max-image-preview":"max-image-preview:large","max-video-preview":"max-video-preview:-1"},"canonical":"https:\/\/www.oguzhanconstruction.com\/tr\/kristal-konsepti\/","og_locale":"tr_TR","og_type":"article","og_title":"KR\u0130STAL KONSEPT\u0130 - Oguzhan Construction - \u043d\u0435\u0434\u0432\u0438\u0436\u0438\u043c\u043e\u0441\u0442\u044c \u0432 \u0422\u0443\u0440\u0446\u0438\u0438","og_description":"Kristaller her boyutta, \u015fekil ve renklerde gelir. Bir\u00e7o\u011fu \u00e7ok renklidir.Matrisleri Kutsal Geometri\u2019nin desenlerini takip eder. T\u00fcm kristaller ve de\u011ferli ta\u015f","og_url":"https:\/\/www.oguzhanconstruction.com\/tr\/kristal-konsepti\/","og_site_name":"Oguzhan Construction - \u043d\u0435\u0434\u0432\u0438\u0436\u0438\u043c\u043e\u0441\u0442\u044c \u0432 \u0422\u0443\u0440\u0446\u0438\u0438","article_publisher":"https:\/\/www.facebook.com\/oguzhan.global\/","article_modified_time":"2020-04-01T10:56:09+00:00","og_image":[{"width":1920,"height":1280,"url":"https:\/\/www.oguzhanconstruction.com\/wp-content\/uploads\/2020\/03\/consept-of-crystal-cover.jpg","type":"image\/jpeg"}],"twitter_card":"summary_large_image","twitter_misc":{"Tahmini okuma s\u00fcresi":"2 dakika"},"schema":{"@context":"https:\/\/schema.org","@graph":[{"@type":"WebPage","@id":"https:\/\/www.oguzhanconstruction.com\/tr\/kristal-konsepti\/","url":"https:\/\/www.oguzhanconstruction.com\/tr\/kristal-konsepti\/","name":"KR\u0130STAL KONSEPT\u0130 - Oguzhan Construction - \u043d\u0435\u0434\u0432\u0438\u0436\u0438\u043c\u043e\u0441\u0442\u044c \u0432 \u0422\u0443\u0440\u0446\u0438\u0438","isPartOf":{"@id":"https:\/\/www.oguzhanconstruction.com\/tr\/#website"},"primaryImageOfPage":{"@id":"https:\/\/www.oguzhanconstruction.com\/tr\/kristal-konsepti\/#primaryimage"},"image":{"@id":"https:\/\/www.oguzhanconstruction.com\/tr\/kristal-konsepti\/#primaryimage"},"thumbnailUrl":"https:\/\/www.oguzhanconstruction.com\/wp-content\/uploads\/2020\/03\/consept-of-crystal-cover.jpg","datePublished":"2020-03-27T09:44:58+00:00","dateModified":"2020-04-01T10:56:09+00:00","description":"Kristaller her boyutta, \u015fekil ve renklerde gelir. Bir\u00e7o\u011fu \u00e7ok renklidir.Matrisleri Kutsal Geometri\u2019nin desenlerini takip eder. T\u00fcm kristaller ve de\u011ferli ta\u015f","breadcrumb":{"@id":"https:\/\/www.oguzhanconstruction.com\/tr\/kristal-konsepti\/#breadcrumb"},"inLanguage":"tr","potentialAction":[{"@type":"ReadAction","target":["https:\/\/www.oguzhanconstruction.com\/tr\/kristal-konsepti\/"]}]},{"@type":"ImageObject","inLanguage":"tr","@id":"https:\/\/www.oguzhanconstruction.com\/tr\/kristal-konsepti\/#primaryimage","url":"https:\/\/www.oguzhanconstruction.com\/wp-content\/uploads\/2020\/03\/consept-of-crystal-cover.jpg","contentUrl":"https:\/\/www.oguzhanconstruction.com\/wp-content\/uploads\/2020\/03\/consept-of-crystal-cover.jpg","width":1920,"height":1280},{"@type":"BreadcrumbList","@id":"https:\/\/www.oguzhanconstruction.com\/tr\/kristal-konsepti\/#breadcrumb","itemListElement":[{"@type":"ListItem","position":1,"name":"Ana sayfa","item":"https:\/\/www.oguzhanconstruction.com\/tr\/"},{"@type":"ListItem","position":2,"name":"KR\u0130STAL KONSEPT\u0130"}]},{"@type":"WebSite","@id":"https:\/\/www.oguzhanconstruction.com\/tr\/#website","url":"https:\/\/www.oguzhanconstruction.com\/tr\/","name":"Oguzhan Construction - \u043d\u0435\u0434\u0432\u0438\u0436\u0438\u043c\u043e\u0441\u0442\u044c \u0432 \u0422\u0443\u0440\u0446\u0438\u0438","description":"\u041a\u0443\u043f\u0438\u0442\u044c \u043a\u0432\u0430\u0440\u0442\u0438\u0440\u0443 \u0432 \u0410\u043b\u0430\u043d\u0438\u0438 \u043e\u0442 \u0437\u0430\u0441\u0442\u0440\u043e\u0439\u0449\u0438\u043a\u0430","publisher":{"@id":"https:\/\/www.oguzhanconstruction.com\/tr\/#organization"},"potentialAction":[{"@type":"SearchAction","target":{"@type":"EntryPoint","urlTemplate":"https:\/\/www.oguzhanconstruction.com\/tr\/?s={search_term_string}"},"query-input":{"@type":"PropertyValueSpecification","valueRequired":true,"valueName":"search_term_string"}}],"inLanguage":"tr"},{"@type":"Organization","@id":"https:\/\/www.oguzhanconstruction.com\/tr\/#organization","name":"Oguzhan Construction","url":"https:\/\/www.oguzhanconstruction.com\/tr\/","logo":{"@type":"ImageObject","inLanguage":"tr","@id":"https:\/\/www.oguzhanconstruction.com\/tr\/#\/schema\/logo\/image\/","url":"https:\/\/www.oguzhanconstruction.com\/wp-content\/uploads\/2020\/02\/logo-mobile.png","contentUrl":"https:\/\/www.oguzhanconstruction.com\/wp-content\/uploads\/2020\/02\/logo-mobile.png","width":350,"height":71,"caption":"Oguzhan Construction"},"image":{"@id":"https:\/\/www.oguzhanconstruction.com\/tr\/#\/schema\/logo\/image\/"},"sameAs":["https:\/\/www.facebook.com\/oguzhan.global\/","https:\/\/www.instagram.com\/oguzhanconstruction\/","https:\/\/www.linkedin.com\/company\/oguzhan-construction-industry-trade-inc\/","https:\/\/www.youtube.com\/channel\/UCAOKg7l8kv0179kpfvT62tQ"]}]}},"_links":{"self":[{"href":"https:\/\/www.oguzhanconstruction.com\/tr\/wp-json\/wp\/v2\/pages\/2543","targetHints":{"allow":["GET"]}}],"collection":[{"href":"https:\/\/www.oguzhanconstruction.com\/tr\/wp-json\/wp\/v2\/pages"}],"about":[{"href":"https:\/\/www.oguzhanconstruction.com\/tr\/wp-json\/wp\/v2\/types\/page"}],"author":[{"embeddable":true,"href":"https:\/\/www.oguzhanconstruction.com\/tr\/wp-json\/wp\/v2\/users\/1"}],"replies":[{"embeddable":true,"href":"https:\/\/www.oguzhanconstruction.com\/tr\/wp-json\/wp\/v2\/comments?post=2543"}],"version-history":[{"count":0,"href":"https:\/\/www.oguzhanconstruction.com\/tr\/wp-json\/wp\/v2\/pages\/2543\/revisions"}],"wp:featuredmedia":[{"embeddable":true,"href":"https:\/\/www.oguzhanconstruction.com\/tr\/wp-json\/wp\/v2\/media\/2415"}],"wp:attachment":[{"href":"https:\/\/www.oguzhanconstruction.com\/tr\/wp-json\/wp\/v2\/media?parent=2543"}],"curies":[{"name":"wp","href":"https:\/\/api.w.org\/{rel}","templated":true}]}}