{"id":3460,"date":"2025-10-22T16:05:40","date_gmt":"2025-10-22T13:05:40","guid":{"rendered":"https:\/\/www.oguzhanconstruction.com\/?page_id=3460"},"modified":"2025-10-22T16:05:40","modified_gmt":"2025-10-22T13:05:40","slug":"kvkk-kisisel-verilerin-korunmasi","status":"publish","type":"page","link":"https:\/\/www.oguzhanconstruction.com\/tr\/kvkk-kisisel-verilerin-korunmasi\/","title":{"rendered":"KVKK &#8211; Ki\u015fisel Verilerin Korunmas\u0131"},"content":{"rendered":"<p><strong>1. VER\u0130 SORUMLUSUNUN K\u0130ML\u0130\u011e\u0130 VE POL\u0130T\u0130KA KAPSAMI<\/strong><\/p>\n<p><strong>O\u011eUZHAN \u0130N\u015eAAT SAN VE T\u0130C A\u015e<\/strong>. Ayd\u0131nlatma Metni , Veri sorumlusu s\u0131fat\u0131n\u0131 ta\u015f\u0131yan \u2018<strong>\u2019 O\u011eUZHAN \u0130N\u015eAAT SAN VE T\u0130C A\u015e \u2018\u2019 <\/strong>\u00a0(k\u0131saca <strong>\u201cO\u011eUZHAN \u0130N\u015eAAT<\/strong>\u201d olarak an\u0131lacakt\u0131r.) taraf\u0131ndan\u00a0 <a href=\"https:\/\/www.oguzhanconstruction.com\">https:\/\/www.oguzhanconstruction.com<\/a> \u00a0\u00a0\u00a0web sitesi arac\u0131l\u0131\u011f\u0131yla ger\u00e7ekle\u015ftirilmekte olan veri i\u015fleme faaliyetleri hakk\u0131nda ilgili ki\u015fileri bilgilendirmek amac\u0131yla haz\u0131rlanm\u0131\u015ft\u0131r.<\/p>\n<p><strong>O\u011eUZHAN \u0130N\u015eAAT<\/strong> ; ki\u015fisel verilerini T.C. Anayasas\u0131, uluslararas\u0131 s\u00f6zle\u015fmeler, 6698 say\u0131l\u0131 Ki\u015fisel Verilerin Korunmas\u0131 Kanunu (k\u0131saca \u201cKVKK\u201d olarak an\u0131lacakt\u0131r) ve di\u011fer ilgili mevzuata uygun olarak i\u015flenmesini ve ilgili ki\u015filerin haklar\u0131n\u0131 etkin bir \u015fekilde kullanmas\u0131n\u0131 sa\u011flanmay\u0131 \u00f6ncelik olarak belirlemi\u015ftir.<\/p>\n<p><strong>2. TANIMLAR<\/strong><\/p>\n<p>Ki\u015fisel Veri Kimli\u011fi belirli veya belirlenebilir ger\u00e7ek ki\u015fiye ili\u015fkin her t\u00fcrl\u00fc bilgi<\/p>\n<p>Veri Sahibi\/ \u0130lgili Ki\u015fi Ki\u015fisel verisi i\u015flenen ger\u00e7ek ki\u015fi<\/p>\n<p>Veri Sorumlusu Ki\u015fisel verilerin i\u015fleme ama\u00e7lar\u0131n\u0131 ve vas\u0131talar\u0131n\u0131 belirleyen, veri kay\u0131t sisteminin kurulmas\u0131ndan ve y\u00f6netilmesinden sorumlu olan ger\u00e7ek veya t\u00fczel ki\u015fi<\/p>\n<p>Veri \u0130\u015fleyen Veri sorumlusunun verdi\u011fi yetkiye dayanarak onun ad\u0131na ki\u015fisel verileri i\u015fleyen ger\u00e7ek veya t\u00fczel ki\u015fi<\/p>\n<p>A\u00e7\u0131k R\u0131za Belirli bir konuya ili\u015fkin bilgilendirilmeye dayanan ve \u00f6zg\u00fcr iradeyle a\u00e7\u0131klanan r\u0131za<\/p>\n<p>Ki\u015fisel Verilerin \u0130\u015flenmesi Ki\u015fisel verilerin tamamen veya k\u0131smen otomatik olan ya da herhangi bir veri kay\u0131t sisteminin par\u00e7as\u0131 olmak kayd\u0131yla otomatik olmayan yollarla elde edilmesi, kaydedilmesi, depolanmas\u0131, muhafaza edilmesi, de\u011fi\u015ftirilmesi, yeniden d\u00fczenlenmesi, a\u00e7\u0131klanmas\u0131, aktar\u0131lmas\u0131, devral\u0131nmas\u0131, elde edilebilir h\u00e2le getirilmesi, s\u0131n\u0131fland\u0131r\u0131lmas\u0131 ya da kullan\u0131lmas\u0131n\u0131n engellenmesi gibi veriler \u00fczerinde ger\u00e7ekle\u015ftirilen her t\u00fcrl\u00fc i\u015flem<\/p>\n<p>Kurum Ki\u015fisel Verileri Koruma Kurumu<\/p>\n<p>Kurul Ki\u015fisel Verileri Koruma Kurulu<\/p>\n<p><strong>3. VER\u0130 \u0130\u015eLEME AMA\u00c7LARI, TOPLAMA Y\u00d6NTEMLER\u0130 VE VER\u0130 \u0130\u015eLEME FAAL\u0130YETLER\u0130N\u0130N HUKUK\u0130 SEBEPLER\u0130<\/strong><\/p>\n<p>Sitede bulunan \u0130nsan Kaynaklar\u0131 Formunu doldurup \u00f6zge\u00e7mi\u015finizi y\u00fckledikten sonra g\u00f6nder butonuna t\u0131klad\u0131\u011f\u0131n\u0131zda ba\u015fvurunuz \u015firketimizin e-posta hesaplar\u0131na otomatik olarak iletilmektedir. Bu suretle i\u015f ba\u015fvurular\u0131n\u0131 toplamak ve insan kaynaklar\u0131 s\u00fcre\u00e7lerini y\u00fcr\u00fctmek amac\u0131yla KVKK \u2018n\u0131n 5 \u2018inci maddesinin 2 \u2018nci f\u0131kras\u0131nda yer alan \u201cc) Bir s\u00f6zle\u015fmenin kurulmas\u0131 veya ifas\u0131yla do\u011frudan do\u011fruya ilgili olmas\u0131 kayd\u0131yla, s\u00f6zle\u015fmenin taraflar\u0131na ait ki\u015fisel verilerin i\u015flenmesinin gerekli olmas\u0131\u201d hukuki sebebine dayanarak,<\/p>\n<p>Sitede yer alan \u0130leti\u015fim Formunu doldurup g\u00f6nder butonuna t\u0131klad\u0131\u011f\u0131n\u0131zda mesaj\u0131n\u0131z \u015firketimizin e-posta hesaplar\u0131na otomatik olarak iletilmektedir. Mesajlar\u0131n\u0131z\u0131 kabul etmek ve kurumsal ileti\u015fimi sa\u011flamak amac\u0131yla KVKK \u2018n\u0131n 5 \u2018inci maddesinin 2 \u2018nci f\u0131kras\u0131nda yer alan \u201cf) \u0130lgili ki\u015finin temel hak ve \u00f6zg\u00fcrl\u00fcklerine zarar vermemek kayd\u0131yla, veri sorumlusunun me\u015fru menfaatleri i\u00e7in veri i\u015flenmesinin zorunlu olmas\u0131\u201c\u00a0 hukuki sebebine dayanarak,<\/p>\n<p>Sitemizde spam\u0131 \u00f6nlemek \u00fczere _grecaptcha adl\u0131 \u00e7erezler kullan\u0131lmaktad\u0131r. Bu s\u00fcre\u00e7te site i\u00e7i g\u00fcvenli\u011fi sa\u011flamak amac\u0131yla amac\u0131yla KVKK \u2018n\u0131n 5 \u2018inci maddesinin 2 \u2018nci f\u0131kras\u0131nda yer alan \u201cf) \u0130lgili ki\u015finin temel hak ve \u00f6zg\u00fcrl\u00fcklerine zarar vermemek kayd\u0131yla, veri sorumlusunun me\u015fru menfaatleri i\u00e7in veri i\u015flenmesinin zorunlu olmas\u0131\u201c\u00a0 hukuki sebebine dayanarak ki\u015fisel verileri i\u015flemekteyiz.<\/p>\n<p><strong>4. \u0130LG\u0130L\u0130 K\u0130\u015e\u0130 HAKLARI<\/strong><\/p>\n<p>\u0130lgili ki\u015filer, KVKK \u2018n\u0131n 11 \u2018inci maddesinde say\u0131lan haklar\u0131n\u0131 <a href=\"https:\/\/www.oguzhanconstruction.com\">https:\/\/www.oguzhanconstruction.com<\/a> \u00a0adresine ileti g\u00f6ndermek suretiyle her zaman kullanabilirler.<\/p>\n<p><strong>5. D\u0130\u011eER HUSUSLAR<\/strong><\/p>\n<p>Ayd\u0131nlatma Metni, \u0131slak imzal\u0131 (bas\u0131l\u0131 k\u00e2\u011f\u0131t) ve elektronik ortamda olmak \u00fczere iki farkl\u0131 ortamda yay\u0131mlan\u0131r ve internet sayfas\u0131nda kamuya a\u00e7\u0131klan\u0131r.<\/p>\n<p>KVKK ve ilgili mevzuat h\u00fck\u00fcmleri ile i\u015fbu Ayd\u0131nlatma Metni aras\u0131nda uyumsuzluk olmas\u0131 halinde, \u00f6ncelikli KVKK ve ilgili mevzuat h\u00fck\u00fcmleri uygulanacakt\u0131r.<\/p>\n<p>Ayd\u0131nlatma Metni, <strong>O\u011eUZHAN \u0130N\u015eAAT SAN VE T\u0130C A\u015e <\/strong><a href=\"https:\/\/www.oguzhanconstruction.com\">https:\/\/www.oguzhanconstruction.com<\/a> \u00a0kurumsal internet sitesinde yay\u0131nlanarak ilgili ki\u015filere duyurulur.<\/p>\n<p>Ayd\u0131nlatma Metninde g\u00fcncelleme yap\u0131lmas\u0131 durumunda, yeni Ayd\u0131nlatma Metni belgesi ayn\u0131 yolla ilan edilerek ve yay\u0131nlanarak y\u00fcr\u00fcrl\u00fc\u011fe girer.<\/p>\n<p>&#8220;<strong> O\u011eUZHAN \u0130N\u015eAAT SAN VE T\u0130C A\u015e &#8220;<\/strong> taraf\u0131ndan haz\u0131rlanan bu Ayd\u0131nlatma Metni, <strong>22 Ekim \u00a02025<\/strong> tarihinde g\u00fcncellenmi\u015ftir.<\/p>\n","protected":false},"excerpt":{"rendered":"<p>1. VER\u0130 SORUMLUSUNUN K\u0130ML\u0130\u011e\u0130 VE POL\u0130T\u0130KA KAPSAMI O\u011eUZHAN \u0130N\u015eAAT SAN VE T\u0130C A\u015e. Ayd\u0131nlatma Metni , Veri sorumlusu s\u0131fat\u0131n\u0131 ta\u015f\u0131yan \u2018\u2019 O\u011eUZHAN \u0130N\u015eAAT SAN VE T\u0130C<span class=\"excerpt-hellip\"> [\u2026]<\/span><\/p>\n","protected":false},"author":1,"featured_media":-1,"parent":0,"menu_order":0,"comment_status":"closed","ping_status":"closed","template":"","meta":{"rs_blank_template":"","rs_page_bg_color":"","slide_template_v7":"","footnotes":""},"class_list":["post-3460","page","type-page","status-publish","has-post-thumbnail","hentry"],"yoast_head":"<!-- This site is optimized with the Yoast SEO plugin v27.4 - https:\/\/yoast.com\/product\/yoast-seo-wordpress\/ -->\n<title>KVKK - Ki\u015fisel Verilerin Korunmas\u0131 - Oguzhan Construction - \u043d\u0435\u0434\u0432\u0438\u0436\u0438\u043c\u043e\u0441\u0442\u044c \u0432 \u0422\u0443\u0440\u0446\u0438\u0438<\/title>\n<meta name=\"robots\" content=\"index, follow, max-snippet:-1, max-image-preview:large, max-video-preview:-1\" \/>\n<link rel=\"canonical\" href=\"https:\/\/www.oguzhanconstruction.com\/tr\/kvkk-kisisel-verilerin-korunmasi\/\" \/>\n<meta property=\"og:locale\" content=\"tr_TR\" \/>\n<meta property=\"og:type\" content=\"article\" \/>\n<meta property=\"og:title\" content=\"KVKK - Ki\u015fisel Verilerin Korunmas\u0131 - Oguzhan Construction - \u043d\u0435\u0434\u0432\u0438\u0436\u0438\u043c\u043e\u0441\u0442\u044c \u0432 \u0422\u0443\u0440\u0446\u0438\u0438\" \/>\n<meta property=\"og:description\" content=\"1. VER\u0130 SORUMLUSUNUN K\u0130ML\u0130\u011e\u0130 VE POL\u0130T\u0130KA KAPSAMI O\u011eUZHAN \u0130N\u015eAAT SAN VE T\u0130C A\u015e. Ayd\u0131nlatma Metni , Veri sorumlusu s\u0131fat\u0131n\u0131 ta\u015f\u0131yan \u2018\u2019 O\u011eUZHAN \u0130N\u015eAAT SAN VE T\u0130C [\u2026]\" \/>\n<meta property=\"og:url\" content=\"https:\/\/www.oguzhanconstruction.com\/tr\/kvkk-kisisel-verilerin-korunmasi\/\" \/>\n<meta property=\"og:site_name\" content=\"Oguzhan Construction - \u043d\u0435\u0434\u0432\u0438\u0436\u0438\u043c\u043e\u0441\u0442\u044c \u0432 \u0422\u0443\u0440\u0446\u0438\u0438\" \/>\n<meta property=\"article:publisher\" content=\"https:\/\/www.facebook.com\/oguzhan.global\/\" \/>\n<meta property=\"og:image\" content=\"https:\/\/www.oguzhanconstruction.com\/wp-content\/uploads\/2020\/03\/about-us-media.jpg\" \/>\n\t<meta property=\"og:image:width\" content=\"1116\" \/>\n\t<meta property=\"og:image:height\" content=\"675\" \/>\n\t<meta property=\"og:image:type\" content=\"image\/jpeg\" \/>\n<meta name=\"twitter:card\" content=\"summary_large_image\" \/>\n<meta name=\"twitter:label1\" content=\"Tahmini okuma s\u00fcresi\" \/>\n\t<meta name=\"twitter:data1\" content=\"4 dakika\" \/>\n<script type=\"application\/ld+json\" class=\"yoast-schema-graph\">{\"@context\":\"https:\\\/\\\/schema.org\",\"@graph\":[{\"@type\":\"WebPage\",\"@id\":\"https:\\\/\\\/www.oguzhanconstruction.com\\\/tr\\\/kvkk-kisisel-verilerin-korunmasi\\\/\",\"url\":\"https:\\\/\\\/www.oguzhanconstruction.com\\\/tr\\\/kvkk-kisisel-verilerin-korunmasi\\\/\",\"name\":\"KVKK - Ki\u015fisel Verilerin Korunmas\u0131 - Oguzhan Construction - \u043d\u0435\u0434\u0432\u0438\u0436\u0438\u043c\u043e\u0441\u0442\u044c \u0432 \u0422\u0443\u0440\u0446\u0438\u0438\",\"isPartOf\":{\"@id\":\"https:\\\/\\\/www.oguzhanconstruction.com\\\/tr\\\/#website\"},\"datePublished\":\"2025-10-22T13:05:40+00:00\",\"breadcrumb\":{\"@id\":\"https:\\\/\\\/www.oguzhanconstruction.com\\\/tr\\\/kvkk-kisisel-verilerin-korunmasi\\\/#breadcrumb\"},\"inLanguage\":\"tr\",\"potentialAction\":[{\"@type\":\"ReadAction\",\"target\":[\"https:\\\/\\\/www.oguzhanconstruction.com\\\/tr\\\/kvkk-kisisel-verilerin-korunmasi\\\/\"]}]},{\"@type\":\"BreadcrumbList\",\"@id\":\"https:\\\/\\\/www.oguzhanconstruction.com\\\/tr\\\/kvkk-kisisel-verilerin-korunmasi\\\/#breadcrumb\",\"itemListElement\":[{\"@type\":\"ListItem\",\"position\":1,\"name\":\"Ana sayfa\",\"item\":\"https:\\\/\\\/www.oguzhanconstruction.com\\\/tr\\\/\"},{\"@type\":\"ListItem\",\"position\":2,\"name\":\"KVKK &#8211; Ki\u015fisel Verilerin Korunmas\u0131\"}]},{\"@type\":\"WebSite\",\"@id\":\"https:\\\/\\\/www.oguzhanconstruction.com\\\/tr\\\/#website\",\"url\":\"https:\\\/\\\/www.oguzhanconstruction.com\\\/tr\\\/\",\"name\":\"Oguzhan Construction - \u043d\u0435\u0434\u0432\u0438\u0436\u0438\u043c\u043e\u0441\u0442\u044c \u0432 \u0422\u0443\u0440\u0446\u0438\u0438\",\"description\":\"\u041a\u0443\u043f\u0438\u0442\u044c \u043a\u0432\u0430\u0440\u0442\u0438\u0440\u0443 \u0432 \u0410\u043b\u0430\u043d\u0438\u0438 \u043e\u0442 \u0437\u0430\u0441\u0442\u0440\u043e\u0439\u0449\u0438\u043a\u0430\",\"publisher\":{\"@id\":\"https:\\\/\\\/www.oguzhanconstruction.com\\\/tr\\\/#organization\"},\"potentialAction\":[{\"@type\":\"SearchAction\",\"target\":{\"@type\":\"EntryPoint\",\"urlTemplate\":\"https:\\\/\\\/www.oguzhanconstruction.com\\\/tr\\\/?s={search_term_string}\"},\"query-input\":{\"@type\":\"PropertyValueSpecification\",\"valueRequired\":true,\"valueName\":\"search_term_string\"}}],\"inLanguage\":\"tr\"},{\"@type\":\"Organization\",\"@id\":\"https:\\\/\\\/www.oguzhanconstruction.com\\\/tr\\\/#organization\",\"name\":\"Oguzhan Construction\",\"url\":\"https:\\\/\\\/www.oguzhanconstruction.com\\\/tr\\\/\",\"logo\":{\"@type\":\"ImageObject\",\"inLanguage\":\"tr\",\"@id\":\"https:\\\/\\\/www.oguzhanconstruction.com\\\/tr\\\/#\\\/schema\\\/logo\\\/image\\\/\",\"url\":\"https:\\\/\\\/www.oguzhanconstruction.com\\\/wp-content\\\/uploads\\\/2020\\\/02\\\/logo-mobile.png\",\"contentUrl\":\"https:\\\/\\\/www.oguzhanconstruction.com\\\/wp-content\\\/uploads\\\/2020\\\/02\\\/logo-mobile.png\",\"width\":350,\"height\":71,\"caption\":\"Oguzhan Construction\"},\"image\":{\"@id\":\"https:\\\/\\\/www.oguzhanconstruction.com\\\/tr\\\/#\\\/schema\\\/logo\\\/image\\\/\"},\"sameAs\":[\"https:\\\/\\\/www.facebook.com\\\/oguzhan.global\\\/\",\"https:\\\/\\\/www.instagram.com\\\/oguzhanconstruction\\\/\",\"https:\\\/\\\/www.linkedin.com\\\/company\\\/oguzhan-construction-industry-trade-inc\\\/\",\"https:\\\/\\\/www.youtube.com\\\/channel\\\/UCAOKg7l8kv0179kpfvT62tQ\"]}]}<\/script>\n<!-- \/ Yoast SEO plugin. -->","yoast_head_json":{"title":"KVKK - Ki\u015fisel Verilerin Korunmas\u0131 - Oguzhan Construction - \u043d\u0435\u0434\u0432\u0438\u0436\u0438\u043c\u043e\u0441\u0442\u044c \u0432 \u0422\u0443\u0440\u0446\u0438\u0438","robots":{"index":"index","follow":"follow","max-snippet":"max-snippet:-1","max-image-preview":"max-image-preview:large","max-video-preview":"max-video-preview:-1"},"canonical":"https:\/\/www.oguzhanconstruction.com\/tr\/kvkk-kisisel-verilerin-korunmasi\/","og_locale":"tr_TR","og_type":"article","og_title":"KVKK - Ki\u015fisel Verilerin Korunmas\u0131 - Oguzhan Construction - \u043d\u0435\u0434\u0432\u0438\u0436\u0438\u043c\u043e\u0441\u0442\u044c \u0432 \u0422\u0443\u0440\u0446\u0438\u0438","og_description":"1. VER\u0130 SORUMLUSUNUN K\u0130ML\u0130\u011e\u0130 VE POL\u0130T\u0130KA KAPSAMI O\u011eUZHAN \u0130N\u015eAAT SAN VE T\u0130C A\u015e. Ayd\u0131nlatma Metni , Veri sorumlusu s\u0131fat\u0131n\u0131 ta\u015f\u0131yan \u2018\u2019 O\u011eUZHAN \u0130N\u015eAAT SAN VE T\u0130C [\u2026]","og_url":"https:\/\/www.oguzhanconstruction.com\/tr\/kvkk-kisisel-verilerin-korunmasi\/","og_site_name":"Oguzhan Construction - \u043d\u0435\u0434\u0432\u0438\u0436\u0438\u043c\u043e\u0441\u0442\u044c \u0432 \u0422\u0443\u0440\u0446\u0438\u0438","article_publisher":"https:\/\/www.facebook.com\/oguzhan.global\/","og_image":[{"width":1116,"height":675,"url":"https:\/\/www.oguzhanconstruction.com\/wp-content\/uploads\/2020\/03\/about-us-media.jpg","type":"image\/jpeg"}],"twitter_card":"summary_large_image","twitter_misc":{"Tahmini okuma s\u00fcresi":"4 dakika"},"schema":{"@context":"https:\/\/schema.org","@graph":[{"@type":"WebPage","@id":"https:\/\/www.oguzhanconstruction.com\/tr\/kvkk-kisisel-verilerin-korunmasi\/","url":"https:\/\/www.oguzhanconstruction.com\/tr\/kvkk-kisisel-verilerin-korunmasi\/","name":"KVKK - Ki\u015fisel Verilerin Korunmas\u0131 - Oguzhan Construction - \u043d\u0435\u0434\u0432\u0438\u0436\u0438\u043c\u043e\u0441\u0442\u044c \u0432 \u0422\u0443\u0440\u0446\u0438\u0438","isPartOf":{"@id":"https:\/\/www.oguzhanconstruction.com\/tr\/#website"},"datePublished":"2025-10-22T13:05:40+00:00","breadcrumb":{"@id":"https:\/\/www.oguzhanconstruction.com\/tr\/kvkk-kisisel-verilerin-korunmasi\/#breadcrumb"},"inLanguage":"tr","potentialAction":[{"@type":"ReadAction","target":["https:\/\/www.oguzhanconstruction.com\/tr\/kvkk-kisisel-verilerin-korunmasi\/"]}]},{"@type":"BreadcrumbList","@id":"https:\/\/www.oguzhanconstruction.com\/tr\/kvkk-kisisel-verilerin-korunmasi\/#breadcrumb","itemListElement":[{"@type":"ListItem","position":1,"name":"Ana sayfa","item":"https:\/\/www.oguzhanconstruction.com\/tr\/"},{"@type":"ListItem","position":2,"name":"KVKK &#8211; Ki\u015fisel Verilerin Korunmas\u0131"}]},{"@type":"WebSite","@id":"https:\/\/www.oguzhanconstruction.com\/tr\/#website","url":"https:\/\/www.oguzhanconstruction.com\/tr\/","name":"Oguzhan Construction - \u043d\u0435\u0434\u0432\u0438\u0436\u0438\u043c\u043e\u0441\u0442\u044c \u0432 \u0422\u0443\u0440\u0446\u0438\u0438","description":"\u041a\u0443\u043f\u0438\u0442\u044c \u043a\u0432\u0430\u0440\u0442\u0438\u0440\u0443 \u0432 \u0410\u043b\u0430\u043d\u0438\u0438 \u043e\u0442 \u0437\u0430\u0441\u0442\u0440\u043e\u0439\u0449\u0438\u043a\u0430","publisher":{"@id":"https:\/\/www.oguzhanconstruction.com\/tr\/#organization"},"potentialAction":[{"@type":"SearchAction","target":{"@type":"EntryPoint","urlTemplate":"https:\/\/www.oguzhanconstruction.com\/tr\/?s={search_term_string}"},"query-input":{"@type":"PropertyValueSpecification","valueRequired":true,"valueName":"search_term_string"}}],"inLanguage":"tr"},{"@type":"Organization","@id":"https:\/\/www.oguzhanconstruction.com\/tr\/#organization","name":"Oguzhan Construction","url":"https:\/\/www.oguzhanconstruction.com\/tr\/","logo":{"@type":"ImageObject","inLanguage":"tr","@id":"https:\/\/www.oguzhanconstruction.com\/tr\/#\/schema\/logo\/image\/","url":"https:\/\/www.oguzhanconstruction.com\/wp-content\/uploads\/2020\/02\/logo-mobile.png","contentUrl":"https:\/\/www.oguzhanconstruction.com\/wp-content\/uploads\/2020\/02\/logo-mobile.png","width":350,"height":71,"caption":"Oguzhan Construction"},"image":{"@id":"https:\/\/www.oguzhanconstruction.com\/tr\/#\/schema\/logo\/image\/"},"sameAs":["https:\/\/www.facebook.com\/oguzhan.global\/","https:\/\/www.instagram.com\/oguzhanconstruction\/","https:\/\/www.linkedin.com\/company\/oguzhan-construction-industry-trade-inc\/","https:\/\/www.youtube.com\/channel\/UCAOKg7l8kv0179kpfvT62tQ"]}]}},"_links":{"self":[{"href":"https:\/\/www.oguzhanconstruction.com\/tr\/wp-json\/wp\/v2\/pages\/3460","targetHints":{"allow":["GET"]}}],"collection":[{"href":"https:\/\/www.oguzhanconstruction.com\/tr\/wp-json\/wp\/v2\/pages"}],"about":[{"href":"https:\/\/www.oguzhanconstruction.com\/tr\/wp-json\/wp\/v2\/types\/page"}],"author":[{"embeddable":true,"href":"https:\/\/www.oguzhanconstruction.com\/tr\/wp-json\/wp\/v2\/users\/1"}],"replies":[{"embeddable":true,"href":"https:\/\/www.oguzhanconstruction.com\/tr\/wp-json\/wp\/v2\/comments?post=3460"}],"version-history":[{"count":1,"href":"https:\/\/www.oguzhanconstruction.com\/tr\/wp-json\/wp\/v2\/pages\/3460\/revisions"}],"predecessor-version":[{"id":3461,"href":"https:\/\/www.oguzhanconstruction.com\/tr\/wp-json\/wp\/v2\/pages\/3460\/revisions\/3461"}],"wp:featuredmedia":[{"embeddable":true,"href":"https:\/\/www.oguzhanconstruction.com\/tr\/wp-json\/"}],"wp:attachment":[{"href":"https:\/\/www.oguzhanconstruction.com\/tr\/wp-json\/wp\/v2\/media?parent=3460"}],"curies":[{"name":"wp","href":"https:\/\/api.w.org\/{rel}","templated":true}]}}